{"id":2435,"date":"2024-10-17T12:35:03","date_gmt":"2024-10-17T09:35:03","guid":{"rendered":"https:\/\/liidestused.ee\/?page_id=2435"},"modified":"2024-12-02T15:33:38","modified_gmt":"2024-12-02T13:33:38","slug":"akeneo-kaup24","status":"publish","type":"page","link":"https:\/\/liidestused.ee\/lv\/akeneo-kaup24\/","title":{"rendered":"Akeneo &#8211; Kaup24 integr\u0101cija"},"content":{"rendered":"\n<div class=\"wp-block-greenshift-blocks-row alignfull gspb_row gspb_row-id-gsbp-93795c49-ee9b\" id=\"gspb_row-id-gsbp-93795c49-ee9b\"><div class=\"gspb_row__content\"> \n<div class=\"wp-block-greenshift-blocks-row-column gspb_row__col--12 gspb_col-id-gsbp-cd01a086-e9c3\" id=\"gspb_col-id-gsbp-cd01a086-e9c3\">\n<div class=\"wp-block-greenshift-blocks-container gspb_container gspb_container-gsbp-e10cb72\" id=\"gspb_container-id-gsbp-e10cb72\">\n<h1 id=\"gspb_heading-id-gsbp-562e76c8-a3de\" class=\"gspb_heading gspb_heading-id-gsbp-562e76c8-a3de \">Akeneo &#8211; Kaup24 integr\u0101cija<\/h1>\n\n\n\n<div class=\"wp-block-group is-content-justification-center is-nowrap is-layout-flex wp-container-core-group-is-layout-23441af8 wp-block-group-is-layout-flex\">\n<div class=\"wp-block-greenshift-blocks-image gspb_image gspb_image-id-gsbp-fc63938\" id=\"gspb_image-id-gsbp-fc63938\"><img decoding=\"async\" src=\"https:\/\/liidestused.ee\/wp-content\/uploads\/2024\/08\/akeneo.jpg\" data-src=\"\" alt=\"Akeneo integr\u0101cija\" loading=\"lazy\" width=\"120\" height=\"512\"\/><\/div>\n\n\n\n<div class=\"wp-block-greenshift-blocks-image gspb_image gspb_image-id-gsbp-64a2e68\" id=\"gspb_image-id-gsbp-64a2e68\"><img decoding=\"async\" src=\"https:\/\/liidestused.ee\/wp-content\/uploads\/2024\/05\/kaup24.jpg\" data-src=\"\" alt=\"Kaup24 integr\u0101cija\" loading=\"lazy\" width=\"120\" height=\"512\"\/><\/div>\n<\/div>\n<\/div>\n\n\n\n<div class=\"wp-block-greenshift-blocks-row gspb_row gspb_row-id-gsbp-ff28d6b0-767a\" id=\"gspb_row-id-gsbp-ff28d6b0-767a\"><div class=\"gspb_row__content\"> \n<div class=\"wp-block-greenshift-blocks-row-column gspb_row__col--12 gspb_col-id-gsbp-56ec2781-0d93\" id=\"gspb_col-id-gsbp-56ec2781-0d93\">\n<div class=\"wp-block-greenshift-blocks-container gspb_container gspb_container-gsbp-e847bdd4-806e\" id=\"gspb_container-id-gsbp-e847bdd4-806e\">\n<div class=\"wp-block-greenshift-blocks-container gspb_container gspb_container-gsbp-67400cbd-d02a\" id=\"gspb_container-id-gsbp-67400cbd-d02a\">\n<div class=\"wp-block-greenshift-blocks-container gspb_container gspb_container-gsbp-28fc5380-6dd2\" id=\"gspb_container-id-gsbp-28fc5380-6dd2\">\n<div class=\"wp-block-greenshift-blocks-iconbox gspb_iconBox gspb_iconBox-id-gsbp-170aa8ad-57d0\" id=\"gspb_iconBox-id-gsbp-170aa8ad-57d0\"><div class=\"gspb_iconBox__wrapper\" style=\"display:inline-flex\"><svg class=\"\" style=\"display:inline-block;vertical-align:middle\" width=\"72\" height=\"72\" viewBox=\"0 0 1024 1024\" xmlns=\"http:\/\/www.w3.org\/2000\/svg\"><path style=\"fill:#565D66\" d=\"M1008 512c0 273.934-222.066 496-496 496s-496-222.066-496-496 222.066-496 496-496 496 222.066 496 496zM454.628 774.628l368-368c12.496-12.496 12.496-32.758 0-45.254l-45.254-45.254c-12.496-12.498-32.758-12.498-45.256 0l-300.118 300.116-140.118-140.118c-12.496-12.496-32.758-12.496-45.256 0l-45.254 45.254c-12.496 12.496-12.496 32.758 0 45.254l208 208c12.498 12.498 32.758 12.498 45.256 0.002z\"><\/path><\/svg><\/div><\/div>\n<\/div>\n\n\n\n<div class=\"wp-block-greenshift-blocks-container gspb_container gspb_container-gsbp-476498cc-f6d6\" id=\"gspb_container-id-gsbp-476498cc-f6d6\">\n<div id=\"gspb_text-id-gsbp-6aeb073c-18fc\" class=\"gspb_text gspb_text-id-gsbp-6aeb073c-18fc \"><strong>Produktinform\u0101cija Akeneo -> Kaup24<\/strong><\/div>\n\n\n\n<div id=\"gspb_text-id-gsbp-0df57370-71a6\" class=\"gspb_text gspb_text-id-gsbp-0df57370-71a6 \">Integr\u0101cijas m\u0113r\u0137is ir nodro\u0161in\u0101t, ka visi produkta dati, piem\u0113ram, produkta apraksti, att\u0113li, cenas, atrib\u016bti un cita inform\u0101cija, autom\u0101tiski p\u0101rvietojas no Akeneo produkta inform\u0101cijas p\u0101rvald\u012bbas (PIM) sist\u0113mas uz Kaup24 platformu.<\/div>\n<\/div>\n<\/div>\n<\/div>\n<\/div>\n <\/div><\/div>\n<\/div>\n <\/div><\/div>\n\n\n\n<div class=\"wp-block-greenshift-blocks-row alignfull gspb_row gspb_row-id-gsbp-14ae5ac\" id=\"gspb_row-id-gsbp-14ae5ac\"><div class=\"gspb_row__content\"> \n<div class=\"wp-block-greenshift-blocks-row-column gspb_row__col--12 gspb_col-id-gsbp-bc31e29\" id=\"gspb_col-id-gsbp-bc31e29\">\n<div class=\"gspb_button_wrapper gspb_button-id-gsbp-d6afe48\" id=\"gspb_button-id-gsbp-d6afe48\" data-paneltype=\"popup\"><a class=\"wp-block-greenshift-blocks-buttonbox gspb-buttonbox wp-element-button\" href=\"#popup\" rel=\"noopener\"><span class=\"gspb-buttonbox-textwrap\"><span class=\"gspb-buttonbox-text\"><span class=\"gspb-buttonbox-title\">Sazinieties ar mums<\/span><\/span><\/span><\/a><div data-panelid=\"gspb_button-id-gsbp-d6afe48\" class=\"gspb_slidingPanel\" data-hover=\"\"><div class=\"gspb_slidingPanel-wrap\"><div class=\"gspb_slidingPanel-inner\">\n<div class=\"wp-block-contact-form-7-contact-form-selector\">\n<div class=\"wpcf7 no-js\" id=\"wpcf7-f1207-o1\" lang=\"en-US\" dir=\"ltr\" data-wpcf7-id=\"1207\">\n<div class=\"screen-reader-response\"><p role=\"status\" aria-live=\"polite\" aria-atomic=\"true\"><\/p> <ul><\/ul><\/div>\n<form action=\"\/lv\/wp-json\/wp\/v2\/pages\/2435#wpcf7-f1207-o1\" method=\"post\" class=\"wpcf7-form init\" aria-label=\"Contact form\" novalidate=\"novalidate\" data-status=\"init\">\n<fieldset class=\"hidden-fields-container\"><input type=\"hidden\" name=\"_wpcf7\" value=\"1207\" \/><input type=\"hidden\" name=\"_wpcf7_version\" value=\"6.1.4\" \/><input type=\"hidden\" name=\"_wpcf7_locale\" value=\"en_US\" \/><input type=\"hidden\" name=\"_wpcf7_unit_tag\" value=\"wpcf7-f1207-o1\" \/><input type=\"hidden\" name=\"_wpcf7_container_post\" value=\"0\" \/><input type=\"hidden\" name=\"_wpcf7_posted_data_hash\" value=\"\" \/><input type=\"hidden\" name=\"_wpcf7_recaptcha_response\" value=\"\" \/>\n<\/fieldset>\n<p><label> V\u0101rds<br \/>\n<span class=\"wpcf7-form-control-wrap\" data-name=\"your-name\"><input size=\"40\" maxlength=\"400\" class=\"wpcf7-form-control wpcf7-text wpcf7-validates-as-required\" autocomplete=\"name\" aria-required=\"true\" aria-invalid=\"false\" value=\"\" type=\"text\" name=\"your-name\" \/><\/span> <\/label>\n<\/p>\n<p><label> E-pasts<br \/>\n<span class=\"wpcf7-form-control-wrap\" data-name=\"your-email\"><input size=\"40\" maxlength=\"400\" class=\"wpcf7-form-control wpcf7-email wpcf7-validates-as-required wpcf7-text wpcf7-validates-as-email\" autocomplete=\"email\" aria-required=\"true\" aria-invalid=\"false\" value=\"\" type=\"email\" name=\"your-email\" \/><\/span> <\/label>\n<\/p>\n<p><label> Zina<br \/>\n<span class=\"wpcf7-form-control-wrap\" data-name=\"your-message\"><textarea cols=\"40\" rows=\"3\" maxlength=\"2000\" class=\"wpcf7-form-control wpcf7-textarea\" aria-invalid=\"false\" name=\"your-message\"><\/textarea><\/span> <\/label>\n<\/p>\n<input class=\"wpcf7-form-control wpcf7-hidden\" id=\"page-identifier\" value=\"\" type=\"hidden\" name=\"page-identifier\" \/>\n<p><input class=\"wpcf7-form-control wpcf7-submit has-spinner\" type=\"submit\" value=\"S\u016bt\u012bt\" \/>\n<\/p><div class=\"wpcf7-response-output\" aria-hidden=\"true\"><\/div>\n<\/form>\n<\/div>\n<\/div>\n<\/div><\/div><\/div><\/div>\n<\/div>\n <\/div><\/div>\n\n\n\n<div class=\"wp-block-greenshift-blocks-row alignfull gspb_row gspb_row-id-gsbp-2d4dcaa\" id=\"gspb_row-id-gsbp-2d4dcaa\"><div class=\"gspb_row__content\"> \n<div class=\"wp-block-greenshift-blocks-row-column gspb_row__col--12 gspb_col-id-gsbp-6c06f54\" id=\"gspb_col-id-gsbp-6c06f54\">\n<div class=\"wp-block-greenshift-blocks-accordion gs-accordion gspb_accordion-id-gsbp-4c77e77 togglelogic\" id=\"gspb_accordion-id-gsbp-4c77e77\" itemscope itemtype=\"https:\/\/schema.org\/FAQPage\">\n<div class=\"wp-block-greenshift-blocks-accordionitem gs-accordion-item gspb_accordionitem-gsbp-35297dc gsopen\" id=\"gspb_accordionitem-gsbp-35297dc\" itemscope itemprop=\"mainEntity\" itemtype=\"https:\/\/schema.org\/Question\"><div id=\"gs-trigger-gsbp-4c77e77-0\" class=\"gs-accordion-item__title\" aria-expanded=\"true\" role=\"button\" tabindex=\"0\" aria-controls=\"gspb-accordion-item-content-gsbp-35297dc\"><div class=\"gs-accordion-item__heading\">Kas ir Akeneo?<\/div><meta itemprop=\"name\" content=\"Kas ir Akeneo?\"\/><span class=\"iconfortoggle\"><span class=\"gs-iconbefore\"><\/span><span class=\"gs-iconafter\"><\/span><\/span><\/div><div aria-labelledby=\"gs-trigger-gsbp-4c77e77-0\" class=\"gs-accordion-item__content\" itemscope itemprop=\"acceptedAnswer\" itemtype=\"https:\/\/schema.org\/Answer\" id=\"gspb-accordion-item-content-gsbp-35297dc\" aria-hidden=\"false\"><div class=\"gs-accordion-item__text\" itemprop=\"text\">\n<p>Akeneo ir jaud\u012bgs un elast\u012bgs risin\u0101jums, kas pal\u012bdz uz\u0146\u0113mumiem efekt\u012bvi p\u0101rvald\u012bt savus produktu datus, uzlabot datu kvalit\u0101ti un atbalst\u012bt daudzkan\u0101lu p\u0101rdo\u0161anas strat\u0113\u0123ijas. Tas ir \u012bpa\u0161i noder\u012bgi uz\u0146\u0113mumiem, kuriem ir liels produktu kl\u0101sts un kuriem nepiecie\u0161ama skaidra un struktur\u0113ta pieeja datu p\u0101rvald\u012bbai.<\/p>\n<\/div><\/div><\/div>\n\n\n\n<div class=\"wp-block-greenshift-blocks-accordionitem gs-accordion-item gspb_accordionitem-gsbp-404ab74 gsclose\" id=\"gspb_accordionitem-gsbp-404ab74\" itemscope itemprop=\"mainEntity\" itemtype=\"https:\/\/schema.org\/Question\"><div id=\"gs-trigger-gsbp-4c77e77-1\" class=\"gs-accordion-item__title\" aria-expanded=\"false\" role=\"button\" tabindex=\"0\" aria-controls=\"gspb-accordion-item-content-gsbp-404ab74\"><div class=\"gs-accordion-item__heading\">Kas ir Kaup24 ?<\/div><meta itemprop=\"name\" content=\"Kas ir Kaup24 ?\"\/><span class=\"iconfortoggle\"><span class=\"gs-iconbefore\"><\/span><span class=\"gs-iconafter\"><\/span><\/span><\/div><div aria-labelledby=\"gs-trigger-gsbp-4c77e77-1\" class=\"gs-accordion-item__content\" itemscope itemprop=\"acceptedAnswer\" itemtype=\"https:\/\/schema.org\/Answer\" id=\"gspb-accordion-item-content-gsbp-404ab74\" aria-hidden=\"true\"><div class=\"gs-accordion-item__text\" itemprop=\"text\">\n<p>Kaup24 ir interneta veikals Igaunij\u0101, kas pied\u0101v\u0101 pla\u0161u produktu kl\u0101stu, piem\u0113ram, m\u0101jas elektroniku, m\u0113beles, kosm\u0113tikas produktus, sporta apr\u012bkojumu un daudz ko citu. T\u0101 ir viena no liel\u0101kaj\u0101m e-komercijas platform\u0101m, kas klientiem pied\u0101v\u0101 iesp\u0113ju veikt pirkumus \u0113rti no m\u0101j\u0101m.<\/p>\n<\/div><\/div><\/div>\n\n\n\n<div class=\"wp-block-greenshift-blocks-accordionitem gs-accordion-item gspb_accordionitem-gsbp-cc165ca gsclose\" id=\"gspb_accordionitem-gsbp-cc165ca\" itemscope itemprop=\"mainEntity\" itemtype=\"https:\/\/schema.org\/Question\"><div id=\"gs-trigger-gsbp-4c77e77-2\" class=\"gs-accordion-item__title\" aria-expanded=\"false\" role=\"button\" tabindex=\"0\" aria-controls=\"gspb-accordion-item-content-gsbp-cc165ca\"><div class=\"gs-accordion-item__heading\">K\u0101da ir saskarne starp Akeneo un Kaup24?<\/div><meta itemprop=\"name\" content=\"K\u0101da ir saskarne starp Akeneo un Kaup24?\"\/><span class=\"iconfortoggle\"><span class=\"gs-iconbefore\"><\/span><span class=\"gs-iconafter\"><\/span><\/span><\/div><div aria-labelledby=\"gs-trigger-gsbp-4c77e77-2\" class=\"gs-accordion-item__content\" itemscope itemprop=\"acceptedAnswer\" itemtype=\"https:\/\/schema.org\/Answer\" id=\"gspb-accordion-item-content-gsbp-cc165ca\" aria-hidden=\"true\"><div class=\"gs-accordion-item__text\" itemprop=\"text\">\n<p>Akeneo un Kaup24 integr\u0101cija nodro\u0161ina efekt\u012bvu produktu inform\u0101cijas p\u0101rvald\u012bbu un sinhroniz\u0101ciju ar interneta veikalu. \u0160\u012b integr\u0101cija \u013cauj autom\u0101tiski atjaunin\u0101t produktu inform\u0101ciju, noliktavas st\u0101vokli un pas\u016bt\u012bjumus, uzlabojot p\u0101rdo\u0161anas procesus un klientu pieredzi. Integr\u0101cija atbalsta daudzkan\u0101lu tirdzniec\u012bbu, vienk\u0101r\u0161ojot produktu inform\u0101cijas p\u0101rvald\u012bbu un nodro\u0161inot, ka visi dati ir aktu\u0101li da\u017e\u0101dos p\u0101rdo\u0161anas kan\u0101los.<\/p>\n<\/div><\/div><\/div>\n<\/div>\n<\/div>\n <\/div><\/div>\n","protected":false},"excerpt":{"rendered":"","protected":false},"author":2,"featured_media":0,"parent":0,"menu_order":0,"comment_status":"closed","ping_status":"closed","template":"new-homepage","meta":{"_gspb_post_css":"#gspb_row-id-gsbp-93795c49-ee9b{justify-content:space-between;margin-top:0;margin-bottom:0;display:flex;flex-wrap:wrap;padding-top:4rem;padding-bottom:4rem}#gspb_row-id-gsbp-93795c49-ee9b>.gspb_row__content{display:flex;justify-content:space-between;margin:0 auto;width:100%;flex-wrap:wrap}div[id^=gspb_col-id]{box-sizing:border-box;position:relative;padding:15px min(3vw,20px)}body.gspb-bodyfront #gspb_row-id-gsbp-93795c49-ee9b>.gspb_row__content{max-width:var(--wp--style--global--wide-size, 1200px)}@media (max-width:991.98px){#gspb_row-id-gsbp-93795c49-ee9b{padding-top:4rem;padding-bottom:4rem}}@media (max-width:575.98px){#gspb_row-id-gsbp-93795c49-ee9b{padding-top:2.5rem;padding-bottom:2.5rem}}#gspb_row-id-gsbp-93795c49-ee9b{background-color:#f4f4f5}#gspb_col-id-gsbp-cd01a086-e9c3.gspb_row__col--12{width:100%}@media (max-width:575.98px){#gspb_col-id-gsbp-cd01a086-e9c3.gspb_row__col--12{width:100%}}@media (min-width:992px){body.gspb-bodyfront #gspb_col-id-gsbp-cd01a086-e9c3.gspb_row__col--12{width:calc(100% - 0px - 0px)}}@media (max-width:991.98px){.gspb_row #gspb_col-id-gsbp-cd01a086-e9c3.gspb_row__col--12{padding-right:1.5rem;padding-left:1.5rem}}@media (max-width:575.98px){.gspb_row #gspb_col-id-gsbp-cd01a086-e9c3.gspb_row__col--12{padding-right:1rem;padding-left:1rem}}body #gspb_col-id-gsbp-cd01a086-e9c3.gspb_row__col--12{display:grid;grid-template-columns:repeat(2,minmax(0,1fr));column-gap:20px;align-items:center}@media (max-width:575.98px){body #gspb_col-id-gsbp-cd01a086-e9c3.gspb_row__col--12{grid-template-columns:repeat(1,minmax(0,1fr))}}.gspb_container-id-gsbp-e10cb72{flex-direction:column;box-sizing:border-box}#gspb_container-id-gsbp-28fc5380-6dd2.gspb_container>p:last-of-type,#gspb_container-id-gsbp-476498cc-f6d6.gspb_container>p:last-of-type,#gspb_container-id-gsbp-67400cbd-d02a.gspb_container>p:last-of-type,#gspb_container-id-gsbp-e10cb72.gspb_container>p:last-of-type,#gspb_container-id-gsbp-e847bdd4-806e.gspb_container>p:last-of-type{margin-bottom:0}#gspb_container-id-gsbp-e10cb72.gspb_container{position:relative}#gspb_heading-id-gsbp-562e76c8-a3de{font-size:3rem;line-height:3rem}@media (max-width:991.98px){#gspb_heading-id-gsbp-562e76c8-a3de{font-size:2.3rem;line-height:2.5rem}}@media (max-width:575.98px){#gspb_heading-id-gsbp-562e76c8-a3de{font-size:1.9rem}}#gspb_heading-id-gsbp-562e76c8-a3de{font-weight:700!important;padding-bottom:50px}#gspb_image-id-gsbp-fc63938 img{vertical-align:top;display:inline-block;box-sizing:border-box;max-width:100%;border-top-left-radius:50%;border-top-right-radius:50%;border-bottom-right-radius:50%;border-bottom-left-radius:50%;width:120px;height:auto}#gspb_image-id-gsbp-fc63938{height:auto}@media (max-width:991.98px){#gspb_image-id-gsbp-fc63938,#gspb_image-id-gsbp-fc63938 img{height:auto}}@media (max-width:767.98px){#gspb_image-id-gsbp-fc63938,#gspb_image-id-gsbp-fc63938 img{height:auto}}@media (max-width:575.98px){#gspb_image-id-gsbp-fc63938,#gspb_image-id-gsbp-fc63938 img{height:auto}}#gspb_image-id-gsbp-64a2e68 img{vertical-align:top;display:inline-block;box-sizing:border-box;max-width:100%;border-top-left-radius:50%;border-top-right-radius:50%;border-bottom-right-radius:50%;border-bottom-left-radius:50%;width:120px;height:auto}#gspb_image-id-gsbp-64a2e68{height:auto}@media (max-width:991.98px){#gspb_image-id-gsbp-64a2e68,#gspb_image-id-gsbp-64a2e68 img{height:auto}}@media (max-width:767.98px){#gspb_image-id-gsbp-64a2e68,#gspb_image-id-gsbp-64a2e68 img{height:auto}}@media (max-width:575.98px){#gspb_image-id-gsbp-64a2e68,#gspb_image-id-gsbp-64a2e68 img{height:auto}}#gspb_row-id-gsbp-ff28d6b0-767a{justify-content:space-between;margin-top:0;margin-bottom:0;display:flex;flex-wrap:wrap;margin-top:4rem}#gspb_row-id-gsbp-ff28d6b0-767a>.gspb_row__content{display:flex;justify-content:space-between;margin:0 auto;width:100%;flex-wrap:wrap}body.gspb-bodyfront #gspb_row-id-gsbp-14ae5ac>.gspb_row__content,body.gspb-bodyfront #gspb_row-id-gsbp-ff28d6b0-767a>.gspb_row__content{max-width:var(--wp--style--global--wide-size, 1200px)}@media (max-width:575.98px){#gspb_row-id-gsbp-ff28d6b0-767a{margin-top:3rem}}#gspb_col-id-gsbp-56ec2781-0d93.gspb_row__col--12{width:100%}@media (max-width:575.98px){#gspb_col-id-gsbp-56ec2781-0d93.gspb_row__col--12{width:100%}}.gspb_container-id-gsbp-28fc5380-6dd2,.gspb_container-id-gsbp-476498cc-f6d6,.gspb_container-id-gsbp-67400cbd-d02a,.gspb_container-id-gsbp-e847bdd4-806e{flex-direction:column;box-sizing:border-box}#gspb_container-id-gsbp-e847bdd4-806e.gspb_container{position:relative;display:grid;grid-template-columns:repeat(1,minmax(0,1fr));row-gap:3rem}@media (max-width:575.98px){#gspb_container-id-gsbp-e847bdd4-806e.gspb_container{grid-template-columns:repeat(1,minmax(0,1fr))}}#gspb_container-id-gsbp-67400cbd-d02a.gspb_container{position:relative;display:flex;flex-direction:row;column-gap:1.5rem}#gspb_container-id-gsbp-28fc5380-6dd2.gspb_container{position:relative}#gspb_iconBox-id-gsbp-170aa8ad-57d0 svg{height:30px!important;width:30px!important;min-width:30px!important;fill:#7c09ff!important;margin:0!important}#gspb_iconBox-id-gsbp-170aa8ad-57d0{justify-content:center;display:flex}#gspb_iconBox-id-gsbp-170aa8ad-57d0 svg path{fill:#7c09ff!important}#gspb_iconBox-id-gsbp-170aa8ad-57d0 .gspb_iconBox__wrapper{background-color:#fff;border-radius:50%;padding:15px}#gspb_container-id-gsbp-476498cc-f6d6.gspb_container{position:relative}.gspb_text-id-gsbp-6aeb073c-18fc{font-size:1.2rem;line-height:1.8rem;font-weight:600!important;color:#000}.gspb_text-id-gsbp-0df57370-71a6{font-size:1rem;color:#52525b;margin-top:1rem!important}#gspb_row-id-gsbp-14ae5ac{justify-content:space-between;margin-top:0;margin-bottom:0;display:flex;flex-wrap:wrap;padding-top:4rem;padding-bottom:4rem}#gspb_row-id-gsbp-14ae5ac>.gspb_row__content{display:flex;justify-content:space-between;margin:0 auto;width:100%;flex-wrap:wrap}@media (max-width:991.98px){#gspb_row-id-gsbp-14ae5ac{padding-top:4rem;padding-bottom:4rem}}@media (max-width:575.98px){#gspb_row-id-gsbp-14ae5ac{padding-top:2.5rem;padding-bottom:2.5rem}}#gspb_row-id-gsbp-14ae5ac{background-color:#f4f4f5}#gspb_col-id-gsbp-bc31e29.gspb_row__col--12{width:100%}@media (max-width:575.98px){#gspb_col-id-gsbp-bc31e29.gspb_row__col--12{width:100%}}@media (min-width:992px){body.gspb-bodyfront #gspb_col-id-gsbp-bc31e29.gspb_row__col--12{width:calc(100% - 0px - 0px)}}@media (max-width:991.98px){.gspb_row #gspb_col-id-gsbp-bc31e29.gspb_row__col--12{padding-right:1.5rem;padding-left:1.5rem}}@media (max-width:575.98px){.gspb_row #gspb_col-id-gsbp-bc31e29.gspb_row__col--12{padding-right:1rem;padding-left:1rem}}body #gspb_col-id-gsbp-bc31e29.gspb_row__col--12{display:flex;justify-content:center;align-items:center}#gspb_button-id-gsbp-d6afe48{display:flex;justify-content:flex-start}#gspb_button-id-gsbp-d6afe48 .gspb-buttonbox-text{display:flex;flex-direction:column}#gspb_button-id-gsbp-d6afe48>.gspb-buttonbox{box-sizing:border-box;padding:8px 12px;background-color:var(u002du002dwpu002du002dpresetu002du002dcoloru002du002dprimary, #2ec27e);text-decoration:none;color:#fff;border-style:solid;border-width:1px;border-color:#13aa52;box-shadow:0 2px 4px 0 #0000001a}#gspb_button-id-gsbp-d6afe48>.gspb-buttonbox a{text-decoration:none}#gspb_button-id-gsbp-d6afe48>.gspb-buttonbox,#gspb_button-id-gsbp-d6afe48>.gspb-buttonbox>.gspb_backgroundOverlay{border-top-left-radius:4px;border-top-right-radius:4px;border-bottom-right-radius:4px;border-bottom-left-radius:4px}#gspb_button-id-gsbp-d6afe48>.gspb-buttonbox:hover{box-shadow:0 3px 9px 0 #12121226;transform:translateY(-2px)}.gspb_row,body.gspb-bodyfront #gspb_button-id-gsbp-d6afe48{position:relative}#gspb_button-id-gsbp-d6afe48>.gspb-buttonbox,#gspb_button-id-gsbp-d6afe48>.gspb-buttonbox .gspb-buttonbox-icon svg,#gspb_button-id-gsbp-d6afe48>.gspb-buttonbox .gspb-buttonbox-icon svg path{transition:all .25s cubic-bezier(.42,0,.58,1)}#gspb_button-id-gsbp-d6afe48>.gspb-buttonbox:active,.active #gspb_button-id-gsbp-d6afe48>.gspb-buttonbox{transform:translateY(2px)}body.scrollhidden{overflow:hidden}.gspb_button-id-gsbp-d6afe48 .gspb_slidingPanel{visibility:hidden;opacity:0;z-index:99999}.gspb_button-id-gsbp-d6afe48 .gspb_slidingPanel.active{visibility:visible;opacity:1;transition:opacity 500ms,visibility 300ms}.gspb_button-id-gsbp-d6afe48 .gspb_slidingPanel-wrap{box-sizing:border-box;background:#fff;color:#333;position:relative}.gspb_button-id-gsbp-d6afe48 .gspb_slidingPanel.active .gspb_slidingPanel-wrap{transform:translate3d(0,0,0)!important;opacity:1!important}.gspb_button-id-gsbp-d6afe48 .gspb_slidingPanel-inner{padding:25px}@media (max-width:500px){.gspb_button-id-gsbp-d6afe48 .gspb_slidingPanel-wrap{width:300px}}.gspb_button-id-gsbp-d6afe48 .gspb_slidingPanel{overflow-x:auto;overflow-y:scroll;position:fixed;background:#000000b3;top:0;left:0;right:0;bottom:0;display:flex;transition:opacity 500ms ease .45s,visibility 300ms ease .45s}.gspb_button-id-gsbp-d6afe48 .gspb_slidingPanel-wrap{will-change:transform,opacity}.gspb_button-id-gsbp-d6afe48 .gspb_slidingPanel-close{display:flex;justify-content:center;align-items:center;top:0;background-color:#f1f1f1;position:absolute;width:40px;height:40px;text-align:center;cursor:pointer;opacity:0;transition:transform .5s cubic-bezier(.165,.84,.44,1) .5s,opacity .3s ease .5s;transform:translateX(0);padding:0;margin:0;border:0}.gspb_slidingPanel-close:hover svg{transform:rotate(180deg);transition:transform .3s}.gspb_button-id-gsbp-d6afe48 .gspb_slidingPanel-inner{overflow:auto}.gspb_button-id-gsbp-d6afe48 .gspb_slidingPanel-wrap{transform:scale(.8);width:600px;max-width:92%;min-height:400px;margin-top:0;opacity:0;transition:transform .3s cubic-bezier(.165,.84,.44,1) .1s,opacity .2s}.gspb_button-id-gsbp-d6afe48 .gspb_slidingPanel-close{right:0}.gspb_button-id-gsbp-d6afe48 .gspb_slidingPanel{justify-content:center;align-items:center}.gspb_button-id-gsbp-d6afe48 .gspb_slidingPanel.active .gspb_slidingPanel-close{right:0;opacity:1}@media (min-width:700px){.gspb_button-id-gsbp-d6afe48 .gspb_slidingPanel.active .gspb_slidingPanel-close{transform:translateX(100%)}}.gspb_button-id-gsbp-d6afe48 .gspb_slidingPanel-wrap{display:flex;flex-direction:column;justify-content:flex-start;border-top-left-radius:5px;border-top-right-radius:5px;border-bottom-right-radius:5px;border-bottom-left-radius:5px}#gspb_row-id-gsbp-2d4dcaa{justify-content:space-between;margin-top:0;margin-bottom:0;display:flex;flex-wrap:wrap;padding-top:4rem;padding-bottom:4rem}#gspb_row-id-gsbp-2d4dcaa>.gspb_row__content{display:flex;justify-content:space-between;margin:0 auto;width:100%;flex-wrap:wrap}body.gspb-bodyfront #gspb_row-id-gsbp-2d4dcaa>.gspb_row__content{max-width:var(--wp--style--global--wide-size, 1200px)}@media (max-width:991.98px){#gspb_row-id-gsbp-2d4dcaa{padding-top:4rem;padding-bottom:4rem}}@media (max-width:575.98px){#gspb_row-id-gsbp-2d4dcaa{padding-top:2.5rem;padding-bottom:2.5rem}}#gspb_row-id-gsbp-2d4dcaa{background-color:#f4f4f5}#gspb_col-id-gsbp-6c06f54.gspb_row__col--12{width:100%}@media (max-width:575.98px){#gspb_col-id-gsbp-6c06f54.gspb_row__col--12{width:100%}}@media (min-width:992px){body.gspb-bodyfront #gspb_col-id-gsbp-6c06f54.gspb_row__col--12{width:calc(100% - 0px - 0px)}}@media (max-width:991.98px){.gspb_row #gspb_col-id-gsbp-6c06f54.gspb_row__col--12{padding-right:1.5rem;padding-left:1.5rem}}@media (max-width:575.98px){.gspb_row #gspb_col-id-gsbp-6c06f54.gspb_row__col--12{padding-right:1rem;padding-left:1rem}}body #gspb_col-id-gsbp-6c06f54.gspb_row__col--12{display:flex;justify-content:center;align-items:center}#gspb_accordion-id-gsbp-4c77e77 .gs-accordion-item.gsclose>.gs-accordion-item__content{overflow:hidden;opacity:0}#gspb_accordion-id-gsbp-4c77e77 .gs-accordion-item.gsopen>.gs-accordion-item__content{opacity:1;max-height:5000px}#gspb_accordion-id-gsbp-4c77e77 .gs-accordion-item>.gs-accordion-item__title>.gs-accordion-item__heading{outline:0;text-decoration:none;margin:0!important;padding:0!important;flex-grow:1}#gspb_accordion-id-gsbp-4c77e77 .gs-accordion-item>.gs-accordion-item__title{z-index:1;margin:0;cursor:pointer;transition:all .3s ease-in-out;position:relative;display:flex;justify-content:space-between;align-items:center;flex-wrap:nowrap}#gspb_accordion-id-gsbp-4c77e77 .gs-accordion-item>.gs-accordion-item__content{z-index:0;position:relative;max-height:0;will-change:max-height;transition:all .25s ease-out}#gspb_accordion-id-gsbp-4c77e77 .gs-accordion-item>.gs-accordion-item__title{background-color:#f9f9f9;border-style:solid;border-width:1px;border-color:#00000012}#gspb_accordion-id-gsbp-4c77e77 .gs-accordion-item>.gs-accordion-item__content{background-color:#fff;border-style:solid;border-width:1px;border-color:#00000000 #00000012 #00000012}#gspb_accordion-id-gsbp-4c77e77 .gs-accordion-item>.gs-accordion-item__title span.iconfortoggle{margin-left:15px;display:inline-block;height:14px;width:14px;position:relative}#gspb_accordion-id-gsbp-4c77e77 .gs-accordion-item{margin-bottom:10px}#gspb_accordion-id-gsbp-4c77e77 .gs-accordion-item>.gs-accordion-item__content>.gs-accordion-item__text,#gspb_accordion-id-gsbp-4c77e77 .gs-accordion-item>.gs-accordion-item__title{padding:15px 20px}.gs-accordion .gs-accordion-item.gsopen .gs-accordion-item__title .gs-iconafter{transform:rotate(0)}.gs-accordion .gs-accordion-item__title span.iconfortoggle .gs-iconafter,.gs-accordion .gs-accordion-item__title span.iconfortoggle .gs-iconbefore{content:'';width:14px;height:2px;border-radius:2px;background-color:#111;position:absolute;top:6px;left:0}.gs-accordion .gs-accordion-item__title span.iconfortoggle .gs-iconafter{transform:rotate(90deg);transition:all .3s ease-in-out}","footnotes":""},"class_list":["post-2435","page","type-page","status-publish","hentry"],"_links":{"self":[{"href":"https:\/\/liidestused.ee\/lv\/wp-json\/wp\/v2\/pages\/2435","targetHints":{"allow":["GET"]}}],"collection":[{"href":"https:\/\/liidestused.ee\/lv\/wp-json\/wp\/v2\/pages"}],"about":[{"href":"https:\/\/liidestused.ee\/lv\/wp-json\/wp\/v2\/types\/page"}],"author":[{"embeddable":true,"href":"https:\/\/liidestused.ee\/lv\/wp-json\/wp\/v2\/users\/2"}],"replies":[{"embeddable":true,"href":"https:\/\/liidestused.ee\/lv\/wp-json\/wp\/v2\/comments?post=2435"}],"version-history":[{"count":3,"href":"https:\/\/liidestused.ee\/lv\/wp-json\/wp\/v2\/pages\/2435\/revisions"}],"predecessor-version":[{"id":2440,"href":"https:\/\/liidestused.ee\/lv\/wp-json\/wp\/v2\/pages\/2435\/revisions\/2440"}],"wp:attachment":[{"href":"https:\/\/liidestused.ee\/lv\/wp-json\/wp\/v2\/media?parent=2435"}],"curies":[{"name":"wp","href":"https:\/\/api.w.org\/{rel}","templated":true}]}}